{"id":9,"date":"2026-03-26T13:55:34","date_gmt":"2026-03-26T13:55:34","guid":{"rendered":"https:\/\/fermedestetesrousses.fr\/?page_id=9"},"modified":"2026-03-27T07:58:10","modified_gmt":"2026-03-27T06:58:10","slug":"coming-soon","status":"publish","type":"page","link":"https:\/\/fermedestetesrousses.fr\/","title":{"rendered":"Coming soon"},"content":{"rendered":"\t\t<div data-elementor-type=\"wp-page\" data-elementor-id=\"9\" class=\"elementor elementor-9\" data-elementor-post-type=\"page\">\n\t\t\t\t<div class=\"elementor-element elementor-element-dafd6a0 e-flex e-con-boxed e-con e-parent\" data-id=\"dafd6a0\" data-element_type=\"container\" data-e-type=\"container\" data-settings=\"{&quot;background_background&quot;:&quot;classic&quot;}\">\n\t\t\t\t\t<div class=\"e-con-inner\">\n\t\t\t\t<div class=\"elementor-element elementor-element-8d18a6a elementor-widget elementor-widget-image\" data-id=\"8d18a6a\" data-element_type=\"widget\" data-e-type=\"widget\" data-widget_type=\"image.default\">\n\t\t\t\t\t\t\t\t\t\t\t\t\t\t\t<img fetchpriority=\"high\" decoding=\"async\" width=\"1024\" height=\"423\" src=\"https:\/\/fermedestetesrousses.fr\/wp-content\/uploads\/2026\/03\/FTR-LOGO-1-1024x423.png\" class=\"attachment-large size-large wp-image-16\" alt=\"\" srcset=\"https:\/\/fermedestetesrousses.fr\/wp-content\/uploads\/2026\/03\/FTR-LOGO-1-1024x423.png 1024w, https:\/\/fermedestetesrousses.fr\/wp-content\/uploads\/2026\/03\/FTR-LOGO-1-300x124.png 300w, https:\/\/fermedestetesrousses.fr\/wp-content\/uploads\/2026\/03\/FTR-LOGO-1-768x317.png 768w, https:\/\/fermedestetesrousses.fr\/wp-content\/uploads\/2026\/03\/FTR-LOGO-1-1536x634.png 1536w, https:\/\/fermedestetesrousses.fr\/wp-content\/uploads\/2026\/03\/FTR-LOGO-1-2048x846.png 2048w\" sizes=\"(max-width: 1024px) 100vw, 1024px\" \/>\t\t\t\t\t\t\t\t\t\t\t\t\t\t\t<\/div>\n\t\t\t\t<div class=\"elementor-element elementor-element-9780d29 elementor-widget elementor-widget-heading\" data-id=\"9780d29\" data-element_type=\"widget\" data-e-type=\"widget\" data-widget_type=\"heading.default\">\n\t\t\t\t\t<h2 class=\"elementor-heading-title elementor-size-default\">Site en construction !<\/h2>\t\t\t\t<\/div>\n\t\t\t\t<div class=\"elementor-element elementor-element-79f6a7a elementor-widget elementor-widget-text-editor\" data-id=\"79f6a7a\" data-element_type=\"widget\" data-e-type=\"widget\" data-widget_type=\"text-editor.default\">\n\t\t\t\t\t\t\t\t\t<p><span style=\"font-size: 21.8416px;\">Retrouvez-nous sur Facebook ou Instagram :\u00a0<\/span><br \/><span style=\"font-size: 21.8416px;\"><b>~ La Ferme des T\u00eates Rousses &#8211; R\u00e9allon ~<\/b><\/span><\/p><p><span style=\"font-size: 21.8416px;\">Vous y trouverez toutes les informations concernant nos points de vente ainsi que les possibilit\u00e9s de visite de la ferme et balades \u00e0 cheval.\u00a0<\/span><\/p><p>Au plaisir de vous rencontrer !<\/p><p>Laura et Jean<\/p>\t\t\t\t\t\t\t\t<\/div>\n\t\t<div class=\"elementor-element elementor-element-eda0ed0 e-con-full e-flex e-con e-child\" data-id=\"eda0ed0\" data-element_type=\"container\" data-e-type=\"container\">\n\t\t\t\t<div class=\"elementor-element elementor-element-f430f66 elementor-widget elementor-widget-text-editor\" data-id=\"f430f66\" data-element_type=\"widget\" data-e-type=\"widget\" data-widget_type=\"text-editor.default\">\n\t\t\t\t\t\t\t\t\t<p>R\u00e9alisation du site par<\/p>\t\t\t\t\t\t\t\t<\/div>\n\t\t\t\t<div class=\"elementor-element elementor-element-9d1b2ea elementor-widget elementor-widget-image\" data-id=\"9d1b2ea\" data-element_type=\"widget\" data-e-type=\"widget\" data-widget_type=\"image.default\">\n\t\t\t\t\t\t\t\t\t\t\t\t\t\t\t\t<a href=\"http:\/\/www.nkodesign.com\">\n\t\t\t\t\t\t\t<img decoding=\"async\" width=\"1024\" height=\"444\" src=\"https:\/\/fermedestetesrousses.fr\/wp-content\/uploads\/2026\/03\/NKO-LOGO-1024x444.png\" class=\"elementor-animation-grow attachment-large size-large wp-image-17\" alt=\"\" srcset=\"https:\/\/fermedestetesrousses.fr\/wp-content\/uploads\/2026\/03\/NKO-LOGO-1024x444.png 1024w, https:\/\/fermedestetesrousses.fr\/wp-content\/uploads\/2026\/03\/NKO-LOGO-300x130.png 300w, https:\/\/fermedestetesrousses.fr\/wp-content\/uploads\/2026\/03\/NKO-LOGO-768x333.png 768w, https:\/\/fermedestetesrousses.fr\/wp-content\/uploads\/2026\/03\/NKO-LOGO-1536x666.png 1536w, https:\/\/fermedestetesrousses.fr\/wp-content\/uploads\/2026\/03\/NKO-LOGO-2048x888.png 2048w\" sizes=\"(max-width: 1024px) 100vw, 1024px\" \/>\t\t\t\t\t\t\t\t<\/a>\n\t\t\t\t\t\t\t\t\t\t\t\t\t\t\t<\/div>\n\t\t\t\t<\/div>\n\t\t\t\t\t<\/div>\n\t\t\t\t<\/div>\n\t\t\t\t<\/div>\n\t\t","protected":false},"excerpt":{"rendered":"<p>Site en construction ! Retrouvez-nous sur Facebook ou Instagram :\u00a0~ La Ferme des T\u00eates Rousses &#8211; R\u00e9allon ~ Vous y trouverez toutes les informations concernant nos points de vente ainsi que les possibilit\u00e9s de visite de la ferme et balades \u00e0 cheval.\u00a0 Au plaisir de vous rencontrer ! Laura et Jean R\u00e9alisation du site par<\/p>\n","protected":false},"author":1,"featured_media":0,"parent":0,"menu_order":0,"comment_status":"closed","ping_status":"closed","template":"elementor_canvas","meta":{"footnotes":""},"class_list":["post-9","page","type-page","status-publish","hentry"],"_links":{"self":[{"href":"https:\/\/fermedestetesrousses.fr\/index.php\/wp-json\/wp\/v2\/pages\/9","targetHints":{"allow":["GET"]}}],"collection":[{"href":"https:\/\/fermedestetesrousses.fr\/index.php\/wp-json\/wp\/v2\/pages"}],"about":[{"href":"https:\/\/fermedestetesrousses.fr\/index.php\/wp-json\/wp\/v2\/types\/page"}],"author":[{"embeddable":true,"href":"https:\/\/fermedestetesrousses.fr\/index.php\/wp-json\/wp\/v2\/users\/1"}],"replies":[{"embeddable":true,"href":"https:\/\/fermedestetesrousses.fr\/index.php\/wp-json\/wp\/v2\/comments?post=9"}],"version-history":[{"count":28,"href":"https:\/\/fermedestetesrousses.fr\/index.php\/wp-json\/wp\/v2\/pages\/9\/revisions"}],"predecessor-version":[{"id":47,"href":"https:\/\/fermedestetesrousses.fr\/index.php\/wp-json\/wp\/v2\/pages\/9\/revisions\/47"}],"wp:attachment":[{"href":"https:\/\/fermedestetesrousses.fr\/index.php\/wp-json\/wp\/v2\/media?parent=9"}],"curies":[{"name":"wp","href":"https:\/\/api.w.org\/{rel}","templated":true}]}}